{"id":36,"date":"2023-01-04T14:02:57","date_gmt":"2023-01-04T14:02:57","guid":{"rendered":"https:\/\/wp.luxuryocean.yachts\/de_de\/?page_id=36"},"modified":"2024-08-27T23:12:06","modified_gmt":"2024-08-27T23:12:06","slug":"neuigkeiten","status":"publish","type":"page","link":"https:\/\/wp.luxuryocean.yachts\/de_de\/neuigkeiten\/","title":{"rendered":"Neuigkeiten"},"content":{"rendered":"\n<div class=\"wp-block-cover alignfull\" style=\"min-height:100vh\"><span aria-hidden=\"true\" class=\"wp-block-cover__background has-background-dim-100 has-background-dim wp-block-cover__gradient-background has-background-gradient\" style=\"background:linear-gradient(180deg,rgba(7,146,227,0) 54%,rgb(126,167,172) 100%)\"><\/span><img decoding=\"async\" loading=\"lazy\" width=\"2560\" height=\"1440\" class=\"wp-block-cover__image-background wp-image-739\" alt=\"\" src=\"https:\/\/wp.luxuryocean.yachts\/de_de\/wp-content\/uploads\/sites\/2\/2023\/01\/Explorer_Cover_4-scaled.webp\" data-object-fit=\"cover\" srcset=\"https:\/\/wp.luxuryocean.yachts\/de_de\/wp-content\/uploads\/sites\/2\/2023\/01\/Explorer_Cover_4-scaled.webp 2560w, https:\/\/wp.luxuryocean.yachts\/de_de\/wp-content\/uploads\/sites\/2\/2023\/01\/Explorer_Cover_4-300x169.webp 300w, https:\/\/wp.luxuryocean.yachts\/de_de\/wp-content\/uploads\/sites\/2\/2023\/01\/Explorer_Cover_4-1024x576.webp 1024w, https:\/\/wp.luxuryocean.yachts\/de_de\/wp-content\/uploads\/sites\/2\/2023\/01\/Explorer_Cover_4-768x432.webp 768w, https:\/\/wp.luxuryocean.yachts\/de_de\/wp-content\/uploads\/sites\/2\/2023\/01\/Explorer_Cover_4-1536x864.webp 1536w, https:\/\/wp.luxuryocean.yachts\/de_de\/wp-content\/uploads\/sites\/2\/2023\/01\/Explorer_Cover_4-2048x1152.webp 2048w\" sizes=\"(max-width: 2560px) 100vw, 2560px\" \/><div class=\"wp-block-cover__inner-container\">\n<div class=\"is-layout-constrained wp-block-group\">\n<figure class=\"wp-block-image size-full is-resized\"><img decoding=\"async\" loading=\"lazy\" src=\"https:\/\/wp.luxuryocean.yachts\/de_de\/wp-content\/uploads\/sites\/2\/2023\/01\/Explorer_Yacht_Award_2021_small.png\" alt=\"Explorer Yacht Award\" class=\"wp-image-103\" width=\"91\" height=\"125\" srcset=\"https:\/\/wp.luxuryocean.yachts\/de_de\/wp-content\/uploads\/sites\/2\/2023\/01\/Explorer_Yacht_Award_2021_small.png 365w, https:\/\/wp.luxuryocean.yachts\/de_de\/wp-content\/uploads\/sites\/2\/2023\/01\/Explorer_Yacht_Award_2021_small-219x300.png 219w\" sizes=\"(max-width: 91px) 100vw, 91px\" \/><\/figure>\n\n\n\n<h1 class=\"has-bd-white-color has-text-color has-cinzel-font-family has-x-large-font-size\">Neuigkeiten<\/h1>\n<\/div>\n<\/div><\/div>\n\n\n\n<div class=\"is-layout-constrained wp-block-group alignfull has-bd-white-color has-bd-primary-background-color has-text-color has-background\">\n<h2 class=\"has-text-align-center has-bd-white-color has-text-color has-cinzel-font-family has-large-font-size\" style=\"margin-top:var(--wp--preset--spacing--20);margin-right:var(--wp--preset--spacing--20);margin-bottom:var(--wp--preset--spacing--20);margin-left:var(--wp--preset--spacing--20);letter-spacing:0.5em\">Explorer<\/h2>\n\n\n\n<h3 class=\"has-text-align-center has-bd-white-color has-text-color has-medium-font-size\" style=\"margin-top:var(--wp--preset--spacing--20);margin-right:var(--wp--preset--spacing--20);margin-bottom:var(--wp--preset--spacing--20);margin-left:var(--wp--preset--spacing--20);font-style:normal;font-weight:400;letter-spacing:0.5em\">by Luxury Ocean Yachts (LOY)<\/h3>\n\n\n\n<div style=\"height:50px\" aria-hidden=\"true\" class=\"wp-block-spacer\"><\/div>\n\n\n\n<p class=\"has-text-align-center has-bd-white-color has-text-color has-lexend-font-family\">Hier halten wir Sie \u00fcber aktuelle Entwicklungen, Veranstaltungen und Produktneuheiten auf dem Laufenden. Von der Entstehung neuer Modelle bis hin zu unseren Teilnahmen an Bootsmessen und Events &#8211; hier erfahren Sie alles Wissenswerte \u00fcber uns und unsere Yachten. Schauen Sie regelm\u00e4\u00dfig vorbei, um immer auf dem Laufenden zu sein.<\/p>\n<\/div>\n\n\n\n<div style=\"height:100px\" aria-hidden=\"true\" class=\"wp-block-spacer\"><\/div>\n\n\n\n<div class=\"is-layout-constrained wp-block-group\">\n<div class=\"is-layout-flex wp-container-6 wp-block-columns\">\n<div class=\"is-layout-flow wp-block-column is-vertically-aligned-center\" style=\"flex-basis:33.33%\">\n<figure class=\"wp-block-image size-full\"><img decoding=\"async\" loading=\"lazy\" width=\"600\" height=\"266\" src=\"https:\/\/wp.luxuryocean.yachts\/de_de\/wp-content\/uploads\/sites\/2\/2023\/08\/Cannes-Yachting-Festival.png\" alt=\"Cannes Yachting Festival\" class=\"wp-image-879\" srcset=\"https:\/\/wp.luxuryocean.yachts\/de_de\/wp-content\/uploads\/sites\/2\/2023\/08\/Cannes-Yachting-Festival.png 600w, https:\/\/wp.luxuryocean.yachts\/de_de\/wp-content\/uploads\/sites\/2\/2023\/08\/Cannes-Yachting-Festival-300x133.png 300w\" sizes=\"(max-width: 600px) 100vw, 600px\" \/><\/figure>\n<\/div>\n\n\n\n<div class=\"is-layout-flow wp-block-column is-vertically-aligned-top\" style=\"flex-basis:66.66%\">\n<h2 class=\"has-text-align-left has-cinzel-font-family has-large-font-size\" style=\"margin-top:var(--wp--preset--spacing--20);margin-right:var(--wp--preset--spacing--20);margin-bottom:var(--wp--preset--spacing--20);margin-left:var(--wp--preset--spacing--20);letter-spacing:0.5em\">Entdecken Sie Explorer<\/h2>\n\n\n\n<h3 style=\"margin-top:var(--wp--preset--spacing--20);margin-right:var(--wp--preset--spacing--20);margin-bottom:var(--wp--preset--spacing--20);margin-left:var(--wp--preset--spacing--20);letter-spacing:0.5em\">Auf dem Cannes Yachting Festival 2024<\/h3>\n\n\n\n<div style=\"height:2.5em\" aria-hidden=\"true\" class=\"wp-block-spacer\"><\/div>\n\n\n\n<p>Vom 10. bis 15. September 2024 haben Sie die exklusive Gelegenheit, unsere Explorer 62 live auf dem Cannes Yachting Festival zu erleben. Sie finden uns am <strong><strong>Messestand QSP 126 \/ QSP 016<\/strong><\/strong> in der <strong>AREA QUAI MAX LAUBEUF<\/strong>.<\/p>\n\n\n\n<div style=\"height:5em\" aria-hidden=\"true\" class=\"wp-block-spacer\"><\/div>\n\n\n\n<div class=\"is-layout-flex wp-block-buttons\">\n<div class=\"wp-block-button is-style-fill\"><a class=\"wp-block-button__link has-bd-primary-background-color has-background wp-element-button\" href=\"https:\/\/www.boot.de\" style=\"border-radius:0px\" target=\"_blank\" rel=\"noreferrer noopener\">Mehr Informationen auf www.cannesyachtingfestival.com<\/a><\/div>\n<\/div>\n<\/div>\n<\/div>\n\n\n\n<div class=\"is-layout-flex wp-container-10 wp-block-columns\">\n<div class=\"is-layout-flow wp-block-column is-vertically-aligned-center\" style=\"flex-basis:33.33%\">\n<figure class=\"wp-block-image size-large\"><img decoding=\"async\" loading=\"lazy\" width=\"1024\" height=\"576\" src=\"https:\/\/wp.luxuryocean.yachts\/de_de\/wp-content\/uploads\/sites\/2\/2023\/12\/Explorer-boot-2024-1024x576.png\" alt=\"\" class=\"wp-image-886\" srcset=\"https:\/\/wp.luxuryocean.yachts\/de_de\/wp-content\/uploads\/sites\/2\/2023\/12\/Explorer-boot-2024-1024x576.png 1024w, https:\/\/wp.luxuryocean.yachts\/de_de\/wp-content\/uploads\/sites\/2\/2023\/12\/Explorer-boot-2024-300x169.png 300w, https:\/\/wp.luxuryocean.yachts\/de_de\/wp-content\/uploads\/sites\/2\/2023\/12\/Explorer-boot-2024-768x432.png 768w, https:\/\/wp.luxuryocean.yachts\/de_de\/wp-content\/uploads\/sites\/2\/2023\/12\/Explorer-boot-2024-1536x864.png 1536w, https:\/\/wp.luxuryocean.yachts\/de_de\/wp-content\/uploads\/sites\/2\/2023\/12\/Explorer-boot-2024.png 2000w\" sizes=\"(max-width: 1024px) 100vw, 1024px\" \/><\/figure>\n<\/div>\n\n\n\n<div class=\"is-layout-flow wp-block-column is-vertically-aligned-top\" style=\"flex-basis:66.66%\">\n<h2 class=\"has-text-align-left has-cinzel-font-family has-large-font-size\" style=\"margin-top:var(--wp--preset--spacing--20);margin-right:var(--wp--preset--spacing--20);margin-bottom:var(--wp--preset--spacing--20);margin-left:var(--wp--preset--spacing--20);letter-spacing:0.5em\">Entdecken Sie Explorer<\/h2>\n\n\n\n<h3 style=\"margin-top:var(--wp--preset--spacing--20);margin-right:var(--wp--preset--spacing--20);margin-bottom:var(--wp--preset--spacing--20);margin-left:var(--wp--preset--spacing--20);letter-spacing:0.5em\">Auf der boot 2024 in D\u00fcsseldorf<\/h3>\n\n\n\n<div style=\"height:2.5em\" aria-hidden=\"true\" class=\"wp-block-spacer\"><\/div>\n\n\n\n<p>Vom 20. bis 28. Januar 2024 haben Sie die exklusive Gelegenheit, unsere Markenphilosophie zu entdecken, die auf h\u00f6chster Sicherheit und moderner Eleganz basiert.<\/p>\n\n\n\n<p><strong>Sie finden uns in<br>Halle 6, Stand A62.<\/strong><\/p>\n\n\n\n<div style=\"height:5em\" aria-hidden=\"true\" class=\"wp-block-spacer\"><\/div>\n\n\n\n<div class=\"is-layout-flex wp-block-buttons\">\n<div class=\"wp-block-button is-style-fill\"><a class=\"wp-block-button__link has-bd-primary-background-color has-background wp-element-button\" href=\"https:\/\/www.boot.de\" style=\"border-radius:0px\" target=\"_blank\" rel=\"noreferrer noopener\">Tickets und mehr Informationen<\/a><\/div>\n<\/div>\n<\/div>\n<\/div>\n<\/div>\n\n\n\n<div class=\"is-layout-constrained wp-block-group\">\n<div class=\"is-layout-flex wp-container-15 wp-block-columns\">\n<div class=\"is-layout-flow wp-block-column is-vertically-aligned-center\" style=\"flex-basis:33.33%\">\n<figure class=\"wp-block-image size-large\"><img decoding=\"async\" loading=\"lazy\" width=\"1024\" height=\"640\" src=\"https:\/\/wp.luxuryocean.yachts\/de_de\/wp-content\/uploads\/sites\/2\/2023\/08\/French-Riviera-Mediterranean-Tour-Invitation-Mail-1024x640.jpg\" alt=\"French Riviera Mediterranean Tour\" class=\"wp-image-878\" srcset=\"https:\/\/wp.luxuryocean.yachts\/de_de\/wp-content\/uploads\/sites\/2\/2023\/08\/French-Riviera-Mediterranean-Tour-Invitation-Mail-1024x640.jpg 1024w, https:\/\/wp.luxuryocean.yachts\/de_de\/wp-content\/uploads\/sites\/2\/2023\/08\/French-Riviera-Mediterranean-Tour-Invitation-Mail-300x188.jpg 300w, https:\/\/wp.luxuryocean.yachts\/de_de\/wp-content\/uploads\/sites\/2\/2023\/08\/French-Riviera-Mediterranean-Tour-Invitation-Mail-768x480.jpg 768w, https:\/\/wp.luxuryocean.yachts\/de_de\/wp-content\/uploads\/sites\/2\/2023\/08\/French-Riviera-Mediterranean-Tour-Invitation-Mail-1536x960.jpg 1536w, https:\/\/wp.luxuryocean.yachts\/de_de\/wp-content\/uploads\/sites\/2\/2023\/08\/French-Riviera-Mediterranean-Tour-Invitation-Mail-2048x1280.jpg 2048w\" sizes=\"(max-width: 1024px) 100vw, 1024px\" \/><\/figure>\n<\/div>\n\n\n\n<div class=\"is-layout-flow wp-block-column is-vertically-aligned-top\" style=\"flex-basis:66.66%\">\n<h2 class=\"has-text-align-left has-cinzel-font-family has-large-font-size\" style=\"margin-top:var(--wp--preset--spacing--20);margin-right:var(--wp--preset--spacing--20);margin-bottom:var(--wp--preset--spacing--20);margin-left:var(--wp--preset--spacing--20);letter-spacing:0.5em\">Entdecken Sie Explorer<\/h2>\n\n\n\n<h3 style=\"margin-top:var(--wp--preset--spacing--20);margin-right:var(--wp--preset--spacing--20);margin-bottom:var(--wp--preset--spacing--20);margin-left:var(--wp--preset--spacing--20);letter-spacing:0.5em\">Auf unserer Mittelmeer-Tour an der C\u00f4te d&#8217;Azur<\/h3>\n\n\n\n<div style=\"height:2.5em\" aria-hidden=\"true\" class=\"wp-block-spacer\"><\/div>\n\n\n\n<p>Vom 21. bis 25. August 2023 haben Sie die exklusive Gelegenheit, unsere Explorer 62 live auf unserer Mittelmeer-Tour an der franz\u00f6sischen Riviera zu erleben. Sie k\u00f6nnen uns in Beaulieu, Baie de Cannes und Golfe de St. Tropez treffen. F\u00fcr weitere Informationen k\u00f6nnen Sie uns gerne kontaktieren.<\/p>\n\n\n\n<div style=\"height:5em\" aria-hidden=\"true\" class=\"wp-block-spacer\"><\/div>\n\n\n\n<div class=\"is-layout-flex wp-block-buttons\">\n<div class=\"wp-block-button is-style-fill\"><a class=\"wp-block-button__link has-bd-primary-background-color has-background wp-element-button\" href=\"mailto:sophia.schumann@exploreryacht.it\" style=\"border-radius:0px\" target=\"_blank\" rel=\"noreferrer noopener\"><strong>Kontakt<\/strong><\/a><\/div>\n<\/div>\n<\/div>\n<\/div>\n<\/div>\n\n\n\n<div class=\"is-layout-constrained wp-block-group\">\n<div class=\"is-layout-flex wp-container-20 wp-block-columns\">\n<div class=\"is-layout-flow wp-block-column is-vertically-aligned-center\" style=\"flex-basis:33.33%\">\n<figure class=\"wp-block-image size-full\"><img decoding=\"async\" loading=\"lazy\" width=\"600\" height=\"266\" src=\"https:\/\/wp.luxuryocean.yachts\/de_de\/wp-content\/uploads\/sites\/2\/2023\/08\/Cannes-Yachting-Festival.png\" alt=\"Cannes Yachting Festival\" class=\"wp-image-879\" srcset=\"https:\/\/wp.luxuryocean.yachts\/de_de\/wp-content\/uploads\/sites\/2\/2023\/08\/Cannes-Yachting-Festival.png 600w, https:\/\/wp.luxuryocean.yachts\/de_de\/wp-content\/uploads\/sites\/2\/2023\/08\/Cannes-Yachting-Festival-300x133.png 300w\" sizes=\"(max-width: 600px) 100vw, 600px\" \/><\/figure>\n<\/div>\n\n\n\n<div class=\"is-layout-flow wp-block-column is-vertically-aligned-top\" style=\"flex-basis:66.66%\">\n<h2 class=\"has-text-align-left has-cinzel-font-family has-large-font-size\" style=\"margin-top:var(--wp--preset--spacing--20);margin-right:var(--wp--preset--spacing--20);margin-bottom:var(--wp--preset--spacing--20);margin-left:var(--wp--preset--spacing--20);letter-spacing:0.5em\">Entdecken Sie Explorer<\/h2>\n\n\n\n<h3 style=\"margin-top:var(--wp--preset--spacing--20);margin-right:var(--wp--preset--spacing--20);margin-bottom:var(--wp--preset--spacing--20);margin-left:var(--wp--preset--spacing--20);letter-spacing:0.5em\">Auf dem Cannes Yachting Festival 2023<\/h3>\n\n\n\n<div style=\"height:2.5em\" aria-hidden=\"true\" class=\"wp-block-spacer\"><\/div>\n\n\n\n<p>Vom 12. bis 17. September 2023 haben Sie die exklusive Gelegenheit, unsere Explorer 62 live auf dem Cannes Yachting Festival zu erleben. Sie finden uns am <strong>EXHIBITION STAND QML351<\/strong> in der <strong>AREA QUAI MAX LAUBEUF<\/strong>.<\/p>\n\n\n\n<div style=\"height:5em\" aria-hidden=\"true\" class=\"wp-block-spacer\"><\/div>\n\n\n\n<div class=\"is-layout-flex wp-block-buttons\">\n<div class=\"wp-block-button is-style-fill\"><a class=\"wp-block-button__link has-bd-primary-background-color has-background wp-element-button\" href=\"https:\/\/www.boot.de\" style=\"border-radius:0px\" target=\"_blank\" rel=\"noreferrer noopener\">Mehr Informationen auf www.cannesyachtingfestival.com<\/a><\/div>\n<\/div>\n<\/div>\n<\/div>\n<\/div>\n\n\n\n<p><\/p>\n","protected":false},"excerpt":{"rendered":"<p>Explorer by Luxury Ocean Yachts (LOY) Hier halten wir Sie \u00fcber aktuelle Entwicklungen, Veranstaltungen und Produktneuheiten auf dem Laufenden. Von der Entstehung neuer Modelle bis hin zu unseren Teilnahmen an Bootsmessen und Events &#8211; hier erfahren Sie alles Wissenswerte \u00fcber uns und unsere Yachten. Schauen Sie regelm\u00e4\u00dfig vorbei, um immer auf dem Laufenden zu sein. [&hellip;]<\/p>\n","protected":false},"author":2,"featured_media":0,"parent":0,"menu_order":0,"comment_status":"closed","ping_status":"closed","template":"","meta":{"bd_seo_title":"Neuigkeiten - Explorer Yacht","bd_seo_description":"","bd_seo_noindex":false,"bd_seo_nofollow":false,"bd_seo_noarchive":false,"bd_seo_nosnippet":false,"bd_seo_noimageindex":false,"bd_seo_og_title":"N","bd_seo_og_description":"","bd_seo_og_media_id":0},"_links":{"self":[{"href":"https:\/\/wp.luxuryocean.yachts\/de_de\/wp-json\/wp\/v2\/pages\/36"}],"collection":[{"href":"https:\/\/wp.luxuryocean.yachts\/de_de\/wp-json\/wp\/v2\/pages"}],"about":[{"href":"https:\/\/wp.luxuryocean.yachts\/de_de\/wp-json\/wp\/v2\/types\/page"}],"author":[{"embeddable":true,"href":"https:\/\/wp.luxuryocean.yachts\/de_de\/wp-json\/wp\/v2\/users\/2"}],"replies":[{"embeddable":true,"href":"https:\/\/wp.luxuryocean.yachts\/de_de\/wp-json\/wp\/v2\/comments?post=36"}],"version-history":[{"count":33,"href":"https:\/\/wp.luxuryocean.yachts\/de_de\/wp-json\/wp\/v2\/pages\/36\/revisions"}],"predecessor-version":[{"id":890,"href":"https:\/\/wp.luxuryocean.yachts\/de_de\/wp-json\/wp\/v2\/pages\/36\/revisions\/890"}],"wp:attachment":[{"href":"https:\/\/wp.luxuryocean.yachts\/de_de\/wp-json\/wp\/v2\/media?parent=36"}],"curies":[{"name":"wp","href":"https:\/\/api.w.org\/{rel}","templated":true}]}}